{"id":536,"date":"2013-11-18T13:01:56","date_gmt":"2013-11-18T12:01:56","guid":{"rendered":"http:\/\/msv-dorsten.de\/?page_id=536"},"modified":"2017-11-10T12:37:24","modified_gmt":"2017-11-10T11:37:24","slug":"presse","status":"publish","type":"page","link":"https:\/\/msv-dorsten.de\/?page_id=536","title":{"rendered":"Medienberichte"},"content":{"rendered":"<p><strong>25.10.2017 &#8211; Dorstener Zeitung, Foto: Tatjana H\u00e4hnel<\/strong><\/p>\n<p><strong><img loading=\"lazy\" decoding=\"async\" class=\"alignnone size-full wp-image-1201\" src=\"http:\/\/msv-dorsten.de\/wp-content\/uploads\/2013\/11\/MSV-Presse.jpg\" alt=\"\" width=\"777\" height=\"906\" srcset=\"https:\/\/msv-dorsten.de\/wp-content\/uploads\/2013\/11\/MSV-Presse.jpg 777w, https:\/\/msv-dorsten.de\/wp-content\/uploads\/2013\/11\/MSV-Presse-257x300.jpg 257w, https:\/\/msv-dorsten.de\/wp-content\/uploads\/2013\/11\/MSV-Presse-768x896.jpg 768w\" sizes=\"(max-width: 777px) 100vw, 777px\" \/>\u00a0<\/strong><\/p>\n<p>&nbsp;<\/p>\n<p><strong>12.06.2015 &#8211; Dorstener Zeitung, Fotos: Bastian Rosenkranz<\/strong><\/p>\n<p><a href=\"http:\/\/msv-dorsten.de\/wp-content\/uploads\/2015\/06\/tippkick2-1.pdf\">tippkick2-1.pdf<\/a><\/p>\n<p><a href=\"http:\/\/msv-dorsten.de\/wp-content\/uploads\/2015\/06\/tippkick1-2.pdf\">tippkick1-2.pdf<\/a><\/p>\n<p>&nbsp;<\/p>\n<p><strong>12.11.2013 &#8211; <a href=\"http:\/\/www.marienviertel.de\/\">www.marienviertel.de<\/a> &#8211; J. Wulf<\/strong><\/p>\n<header><a title=\"Permalink zu Neuer Web-Auftritt des MSV\" href=\"http:\/\/marienviertel.de\/2013\/11\/neuer-web-auftritt-des-msv\/\" rel=\"bookmark\">Neuer Web-Auftritt des MSV<\/a><\/header>\n<p><!-- end entry-header --><\/p>\n<div>\n<p>Dass Hobby-Fu\u00dfballer nur behende F\u00fc\u00dfe und trockene Kehlen haben, ist wohl ein Vorurteil. Dies zeigt der neu gestaltete Web-Auftritt des Marienvierteler Sportvereins, der viel Wissenswertes aus den vergangenen 36 Jahren des Vereins und Infos und Fotos mit geh\u00f6rigem Schmunzelfaktor bietet. Ein Besuch der Seiten lohnt sich!<\/p>\n<p>Also dann weiterhin: BALL HOI, MSV!<\/p>\n<p>&nbsp;<\/p>\n<p><strong>18.06.2013 &#8211; WAZ &#8211; J. Gernoth<\/strong><\/p>\n<p><a href=\"http:\/\/www.derwesten.de\/sport\/lokalsport\/dorsten\/msv-dorsten-wie-eine-grosse-familie-id8084903.html\">http:\/\/www.derwesten.de\/sport\/lokalsport\/dorsten\/msv-dorsten-wie-eine-grosse-familie-id8084903.html<\/a>(Das Foto im Bericht ist allerdings aus dem Jahr 2002)<\/p>\n<p>&nbsp;<\/p>\n<p><strong>05.06.2013 &#8211; <a href=\"http:\/\/www.marienviertel.de\/\">www.marienviertel.de<\/a> &#8211; J. Wulf<\/strong><\/p>\n<header>Tipp-Kick-Turnier des MSV<\/header>\n<p><!-- end single-entry-header --><\/p>\n<div>\n<p>\u201cFu\u00dfball der kleinen Art\u201d spielte der MSV Dorsten 1977 e.V. am vergangenen Mittwoch im Pfarrheim St. Marien, als er sein mittlerweile 6. Tipp-Kick-Turnier veranstaltete. Insgesamt 16 Nationen, deren Spieler meist im landestypischen Outfit antraten, spielten ihren Meister aus. Der Sieger, Ralf Gatza, freute sich auch dar\u00fcber, dass auch einige \u201cSportvorst\u00e4nde, Manager und technische Direktoren\u201d der Meisterschaft beiwohnten, die nach rund 70 Spielen entschieden war. Dabei war manch einer froh, dass das Spielfeld sich auf rd. einen Quadratmeter beschr\u00e4nkte. \u201cAm 6. Juli\u201d, so aus dem Vorstand, \u201cspielen wir im Rahmen des Hervest-Cups aber wieder auf einem gro\u00dfen Feld\u2026\u201d<br \/>\n<a href=\"http:\/\/marienviertel.de\/wp-content\/uploads\/2013\/06\/Tipp-Kick2013.jpg\"><img loading=\"lazy\" decoding=\"async\" src=\"http:\/\/marienviertel.de\/wp-content\/uploads\/2013\/06\/Tipp-Kick2013.jpg\" alt=\"Tipp-Kick2013\" width=\"386\" height=\"308\" \/><\/a><\/p>\n<p>&nbsp;<\/p>\n<\/div>\n<p><strong>16.05.2013 &#8211; <a href=\"http:\/\/www.marienviertel.de\/\">www.marienviertel.de<\/a> &#8211; J. Wulf<\/strong><\/p>\n<header>Neues vom MSV<\/header>\n<p><!-- end single-entry-header --><\/p>\n<div>\n<p>Auch im mittlerweile 36. Vereinsjahr fand in diesen Tagen die Jahreshauptversammlung des Mariener Sportverein Dorsten 1977 e.V. (<a href=\"http:\/\/www.msv-dorsten.de\/\" target=\"_blank\" rel=\"noopener\">MSV Dorsten<\/a>) statt.<\/p>\n<p>Der Verein, dessen Urspr\u00fcnge letztendlich in einer Jugendgruppe der Gemeinde Ende der sechziger Jahre liegen, ist immer noch aktiv. Zum neuen Vorstand wurden gew\u00e4hlt (v.l.n.r. Ralf H\u00e4hnel (Beisitzer), Frank Meinke (2. Vorsitzender), Volker Panek (Kassierer), Volker Heinrichs (1. Vorsitzender), Ralf Ender (Trainer).<\/p>\n<p><a href=\"http:\/\/marienviertel.de\/wp-content\/uploads\/2013\/05\/MSV-Vorstand-2013.jpg\"><img loading=\"lazy\" decoding=\"async\" src=\"http:\/\/marienviertel.de\/wp-content\/uploads\/2013\/05\/MSV-Vorstand-2013-1024x347.jpg\" alt=\"MSV-Vorstand-2013\" width=\"417\" height=\"156\" \/><\/a><\/p>\n<p>Zuletzt erkl\u00e4rte sich der Verein bereit, das Osterfeuer in St. Marien auszurichten. \u201cDas ist eine Selbstverst\u00e4ndlichkeit, die wir gerne \u00fcbernommen haben\u201d, so die Aussage aus dem Vorstand. F\u00fcr die \u00fcber 40 Vereinsmitglieder stehen \u2013 neben dem w\u00f6chentlichen Training \u2013 auch das ein oder andere Freundschaftsspiel und andere Aktivit\u00e4ten wie Bosseln, Bowlen oder ein Tipp-Kick-Turnier auf dem Programm. Der Kern der Mannschaft kennt sich seit rund 45 Jahren \u2013 auch ein Beleg f\u00fcr Verbundenheit und Kontinuit\u00e4t im Marienviertel.<\/p>\n<p>&nbsp;<\/p>\n<p><strong>28.06.2011 &#8211; WAZ Dorsten<\/strong><\/p>\n<p><a href=\"http:\/\/msv-dorsten.de\/wp-content\/uploads\/2014\/01\/Bericht-vom-28.06.2011.pdf\">Bericht vom 28.06.2011<\/a><\/p>\n<p>&nbsp;<\/p>\n<p><strong>Irgendwann zwischen 2005 und 2010 in einem Internetforum &#8230;<br \/>\n<\/strong><\/p>\n<p><a href=\"http:\/\/msv-dorsten.de\/wp-content\/uploads\/2014\/01\/Willingen.pdf\">Willingen.pdf<\/a><\/p>\n<p>&nbsp;<\/p>\n<p><strong>1997 und 1999 &#8211; Ruhrnachrichten und Stadtspiegel Dorsten<\/strong><\/p>\n<p><a href=\"http:\/\/msv-dorsten.de\/wp-content\/uploads\/2014\/01\/diverse-Artikel1.pdf\">diverse Artikel[1]<\/a><\/p>\n<p>&nbsp;<\/p>\n<p><strong>18.09.1979 &#8211; WAZ Dorsten<\/strong><\/p>\n<p><a href=\"http:\/\/msv-dorsten.de\/wp-content\/uploads\/2014\/01\/19791.pdf\">1979[1]<\/a><\/p>\n<\/div>\n<\/div>\n","protected":false},"excerpt":{"rendered":"<p>25.10.2017 &#8211; Dorstener Zeitung, Foto: Tatjana H\u00e4hnel \u00a0 &nbsp; 12.06.2015 &#8211; Dorstener Zeitung, Fotos: Bastian Rosenkranz tippkick2-1.pdf tippkick1-2.pdf &nbsp; 12.11.2013 &#8211; www.marienviertel.de &#8211; J. Wulf Neuer Web-Auftritt des MSV Dass Hobby-Fu\u00dfballer nur behende F\u00fc\u00dfe und trockene Kehlen haben, ist wohl &hellip; <a href=\"https:\/\/msv-dorsten.de\/?page_id=536\">Weiterlesen <span class=\"meta-nav\">&rarr;<\/span><\/a><\/p>\n","protected":false},"author":2,"featured_media":0,"parent":0,"menu_order":0,"comment_status":"closed","ping_status":"closed","template":"","meta":{"footnotes":""},"_links":{"self":[{"href":"https:\/\/msv-dorsten.de\/index.php?rest_route=\/wp\/v2\/pages\/536"}],"collection":[{"href":"https:\/\/msv-dorsten.de\/index.php?rest_route=\/wp\/v2\/pages"}],"about":[{"href":"https:\/\/msv-dorsten.de\/index.php?rest_route=\/wp\/v2\/types\/page"}],"author":[{"embeddable":true,"href":"https:\/\/msv-dorsten.de\/index.php?rest_route=\/wp\/v2\/users\/2"}],"replies":[{"embeddable":true,"href":"https:\/\/msv-dorsten.de\/index.php?rest_route=%2Fwp%2Fv2%2Fcomments&post=536"}],"version-history":[{"count":19,"href":"https:\/\/msv-dorsten.de\/index.php?rest_route=\/wp\/v2\/pages\/536\/revisions"}],"predecessor-version":[{"id":1202,"href":"https:\/\/msv-dorsten.de\/index.php?rest_route=\/wp\/v2\/pages\/536\/revisions\/1202"}],"wp:attachment":[{"href":"https:\/\/msv-dorsten.de\/index.php?rest_route=%2Fwp%2Fv2%2Fmedia&parent=536"}],"curies":[{"name":"wp","href":"https:\/\/api.w.org\/{rel}","templated":true}]}}