{"id":222,"date":"2013-11-08T11:31:44","date_gmt":"2013-11-08T10:31:44","guid":{"rendered":"http:\/\/msv-dorsten.de\/?page_id=222"},"modified":"2017-11-10T10:38:36","modified_gmt":"2017-11-10T09:38:36","slug":"historie","status":"publish","type":"page","link":"https:\/\/msv-dorsten.de\/?page_id=222","title":{"rendered":"Historie"},"content":{"rendered":"<p style=\"margin-bottom: 0cm;\"><a href=\"http:\/\/msv-dorsten.de\/wp-content\/uploads\/2013\/11\/mannschaft1977.jpg\"><img loading=\"lazy\" decoding=\"async\" class=\"alignnone size-medium wp-image-248\" src=\"http:\/\/msv-dorsten.de\/wp-content\/uploads\/2013\/11\/mannschaft1977-300x176.jpg\" alt=\"mannschaft1977\" width=\"544\" height=\"329\" \/><\/a><\/p>\n<p style=\"margin-bottom: 0cm;\"><span style=\"font-family: Arial,sans-serif;\">Im November 1977 taten sich mangels anderer Freizeitangebote 14 Jugendliche aus<br \/>\nSt. Marien zusammen und gr\u00fcndeten in der Gemeinde eine Interessengemeinschaft<br \/>\nf\u00fcr den Fu\u00dfball. <\/span><\/p>\n<p style=\"margin-bottom: 0cm;\"><span style=\"font-family: Arial,sans-serif;\">Wie schwierig es war, die erste Zeit durchzustehen, zeigen folgende beiden Zitate: <\/span><\/p>\n<p style=\"margin-bottom: 0cm;\"><span style=\"font-family: Arial,sans-serif;\">&#8211; &#8220; Wir treffen uns am n\u00e4chsten Sonntag zum Spiel auf dem Gerhart-Hauptmann-Platz<br \/>\nmit schwarzer Turnhose und wei\u00dfem Unterhemd&#8220;<br \/>\n&#8211; &#8222;Lass uns mal gegen die aus St. Marien spielen, dann gewinnen wir auch mal hoch&#8220; <\/span><\/p>\n<p style=\"margin-bottom: 0cm;\"><span style=\"font-family: Arial,sans-serif;\">Unerm\u00fcdliches Training in der Halle und auf dem Platz zeigten im Laufe der Jahre auch gute Erfolge. <\/span><\/p>\n<p style=\"margin-bottom: 0cm;\">D<span style=\"font-family: Arial,sans-serif;\">ies f\u00fchrte unter anderem zum mehrfachen Gewinn der Stadtmeisterschaften der Dorstener Jugendheimmannschaften.<\/span><\/p>\n<p style=\"margin-bottom: 0cm;\"><span style=\"font-family: Arial,sans-serif;\">Tatkr\u00e4ftige Unterst\u00fctzung erhielten wir aus der Pfarrgemeinde: <\/span><\/p>\n<p style=\"margin-bottom: 0cm;\"><span style=\"font-family: Arial,sans-serif;\">Aufgrund der Beitr\u00e4ge vieler f\u00f6rdernder Mitglieder (den V\u00e4tern der Spieler, dem Pastor und vielen Gemeindemitgliedern) konnten wir uns mit neuerworbenen Trikots auch \u00e4u\u00dferlich ordentlich pr\u00e4sentieren. <\/span><\/p>\n<p style=\"margin-bottom: 0cm;\"><span style=\"font-family: Arial,sans-serif;\">Ein besonderer Dank gilt den damaligen Besitzern der Gastst\u00e4tte Wolf, unserem<br \/>\nfr\u00fcheren Vereinslokal, in dem wir unsere mittlerweile zahlreichen Pokale und<br \/>\nUrkunden ausstellen konnten. <\/span><\/p>\n<p style=\"margin-bottom: 0cm;\"><span style=\"font-family: Arial,sans-serif;\">Mitte der 80er Jahre entwickelte sich aus der Interessengemeinschaft der ins<br \/>\nVereinsregister eingetragene Verein\u00a0\u00a0 MSV Dorsten 1977 e. V.. <\/span><\/p>\n<p style=\"margin-bottom: 0cm;\"><span style=\"font-family: Arial,sans-serif;\">Auch ohne Teilnahme an regelm\u00e4\u00dfigen Ligaspielen betreiben die derzeit ca. 40 aktiven Mitglieder noch zahlreiche Freundschaftsspiele und nehmen an vielen Turnieren in Nordrhein Westfalen teil. <\/span><\/p>\n<p style=\"margin-bottom: 0cm;\"><span style=\"font-family: Arial,sans-serif;\">Das sonstige Vereinsleben kommt ebenfalls nicht zu kurz. Vereinsfahrten, Zeltlager,<br \/>\nFahrradtouren mit der gesamten Familie, die gem\u00fctliche Weihnachtsfeier, Besuche von Bundesligaspielen, professionell ausgerichtete Tipp-Kick-Weltmeisterschaften, sowie die schon legend\u00e4ren Bosseltouren durch die Herrlichkeit finden regelm\u00e4\u00dfig unter gro\u00dfer Beteiligung statt.<\/span><\/p>\n<p style=\"margin-bottom: 0cm;\"><span style=\"font-family: Arial,sans-serif;\">Besonderer Beliebtheit erfreut sich auch unser allj\u00e4hrliches internes Vereinsturnier. <\/span><\/p>\n<p style=\"margin-bottom: 0cm;\"><span style=\"font-family: Arial,sans-serif;\">Selbstverst\u00e4ndlich findet regelm\u00e4\u00dfig eine Jahreshauptversammlung statt, in der \u00fcber das Vereinsjahr berichtet und die Planung des Vorstandes f\u00fcr das laufende Jahr diskutiert wird. <\/span><\/p>\n<p style=\"margin-bottom: 0cm;\"><span style=\"font-family: Arial,sans-serif;\">Letzter H\u00f6hepunkt der Vereinsgeschichte war das 40-j\u00e4hrige Bestehen des MSV, das wir im Oktober\u00a02017 angemessen gefeiert haben. <\/span><\/p>\n<p>&nbsp;<\/p>\n<p style=\"margin-bottom: 0cm;\"><span style=\"font-family: Arial,sans-serif;\">40 Jahre MSV Dorsten \u2013 ein langj\u00e4hriger und lebendiger Bestandteil des Gemeindelebens von St. Marien.<br \/>\n<\/span><\/p>\n<p style=\"margin-bottom: 0cm;\">\n<p>&nbsp;<\/p>\n<p>&nbsp;<\/p>\n","protected":false},"excerpt":{"rendered":"<p>Im November 1977 taten sich mangels anderer Freizeitangebote 14 Jugendliche aus St. Marien zusammen und gr\u00fcndeten in der Gemeinde eine Interessengemeinschaft f\u00fcr den Fu\u00dfball. Wie schwierig es war, die erste Zeit durchzustehen, zeigen folgende beiden Zitate: &#8211; &#8220; Wir treffen &hellip; <a href=\"https:\/\/msv-dorsten.de\/?page_id=222\">Weiterlesen <span class=\"meta-nav\">&rarr;<\/span><\/a><\/p>\n","protected":false},"author":1,"featured_media":0,"parent":0,"menu_order":0,"comment_status":"closed","ping_status":"closed","template":"sidebar-page.php","meta":{"footnotes":""},"_links":{"self":[{"href":"https:\/\/msv-dorsten.de\/index.php?rest_route=\/wp\/v2\/pages\/222"}],"collection":[{"href":"https:\/\/msv-dorsten.de\/index.php?rest_route=\/wp\/v2\/pages"}],"about":[{"href":"https:\/\/msv-dorsten.de\/index.php?rest_route=\/wp\/v2\/types\/page"}],"author":[{"embeddable":true,"href":"https:\/\/msv-dorsten.de\/index.php?rest_route=\/wp\/v2\/users\/1"}],"replies":[{"embeddable":true,"href":"https:\/\/msv-dorsten.de\/index.php?rest_route=%2Fwp%2Fv2%2Fcomments&post=222"}],"version-history":[{"count":8,"href":"https:\/\/msv-dorsten.de\/index.php?rest_route=\/wp\/v2\/pages\/222\/revisions"}],"predecessor-version":[{"id":1198,"href":"https:\/\/msv-dorsten.de\/index.php?rest_route=\/wp\/v2\/pages\/222\/revisions\/1198"}],"wp:attachment":[{"href":"https:\/\/msv-dorsten.de\/index.php?rest_route=%2Fwp%2Fv2%2Fmedia&parent=222"}],"curies":[{"name":"wp","href":"https:\/\/api.w.org\/{rel}","templated":true}]}}